{"id":11,"date":"2023-05-19T06:31:38","date_gmt":"2023-05-19T06:31:38","guid":{"rendered":"https:\/\/demosites.royal-elementor-addons.com\/home-care-v1\/?page_id=11"},"modified":"2024-09-19T18:23:18","modified_gmt":"2024-09-19T18:23:18","slug":"contacto","status":"publish","type":"page","link":"https:\/\/hcc.academy.hcc.com.uy\/coach\/contacto\/","title":{"rendered":"Contacto"},"content":{"rendered":"\t\t<div data-elementor-type=\"wp-page\" data-elementor-id=\"11\" class=\"elementor elementor-11\">\n\t\t\t\t<div class=\"elementor-element elementor-element-d29c7fa e-flex e-con-boxed wpr-particle-no wpr-jarallax-no wpr-parallax-no wpr-sticky-section-no wpr-column-slider-no wpr-equal-height-no e-con e-parent\" data-id=\"d29c7fa\" data-element_type=\"container\" data-e-type=\"container\">\n\t\t\t\t\t<div class=\"e-con-inner\">\n\t\t<div class=\"elementor-element elementor-element-e3639c9 e-con-full e-flex wpr-particle-no wpr-jarallax-no wpr-parallax-no wpr-sticky-section-no wpr-column-slider-no wpr-equal-height-no e-con e-child\" data-id=\"e3639c9\" data-element_type=\"container\" data-e-type=\"container\">\n\t\t\t\t<div class=\"elementor-element elementor-element-f7c378b elementor-widget elementor-widget-google_maps\" data-id=\"f7c378b\" data-element_type=\"widget\" data-e-type=\"widget\" data-widget_type=\"google_maps.default\">\n\t\t\t\t<div class=\"elementor-widget-container\">\n\t\t\t\t\t\t\t<div class=\"elementor-custom-embed\">\n\t\t\t<iframe loading=\"lazy\"\n\t\t\t\t\tsrc=\"https:\/\/maps.google.com\/maps?q=Human%20Capital%20Consulting%20Miraflores%201360%2C%20Rambla%20Rep%C3%BAblica%20de%20M%C3%A9xico%20esq%2C%2011500%20Montevideo%2C%20Departamento%20de%20Montevideo&#038;t=m&#038;z=17&#038;output=embed&#038;iwloc=near\"\n\t\t\t\t\ttitle=\"Human Capital Consulting Miraflores 1360, Rambla Rep\u00fablica de M\u00e9xico esq, 11500 Montevideo, Departamento de Montevideo\"\n\t\t\t\t\taria-label=\"Human Capital Consulting Miraflores 1360, Rambla Rep\u00fablica de M\u00e9xico esq, 11500 Montevideo, Departamento de Montevideo\"\n\t\t\t><\/iframe>\n\t\t<\/div>\n\t\t\t\t\t\t<\/div>\n\t\t\t\t<\/div>\n\t\t\t\t<\/div>\n\t\t<div class=\"elementor-element elementor-element-daa5fd8 e-con-full e-flex wpr-particle-no wpr-jarallax-no wpr-parallax-no wpr-sticky-section-no wpr-column-slider-no wpr-equal-height-no e-con e-child\" data-id=\"daa5fd8\" data-element_type=\"container\" data-e-type=\"container\">\n\t\t\t\t<div class=\"elementor-element elementor-element-ea0160b elementor-widget elementor-widget-google_maps\" data-id=\"ea0160b\" data-element_type=\"widget\" data-e-type=\"widget\" data-widget_type=\"google_maps.default\">\n\t\t\t\t<div class=\"elementor-widget-container\">\n\t\t\t\t\t\t\t<div class=\"elementor-custom-embed\">\n\t\t\t<iframe loading=\"lazy\"\n\t\t\t\t\tsrc=\"https:\/\/maps.google.com\/maps?q=Isidora%203000%20building&#038;t=m&#038;z=17&#038;output=embed&#038;iwloc=near\"\n\t\t\t\t\ttitle=\"Isidora 3000 building\"\n\t\t\t\t\taria-label=\"Isidora 3000 building\"\n\t\t\t><\/iframe>\n\t\t<\/div>\n\t\t\t\t\t\t<\/div>\n\t\t\t\t<\/div>\n\t\t\t\t<\/div>\n\t\t\t\t\t<\/div>\n\t\t\t\t<\/div>\n\t\t\t\t<section class=\"elementor-section elementor-top-section elementor-element elementor-element-3afd7d8 elementor-section-boxed elementor-section-height-default elementor-section-height-default wpr-particle-no wpr-jarallax-no wpr-parallax-no wpr-sticky-section-no wpr-column-slider-no wpr-equal-height-no\" data-id=\"3afd7d8\" data-element_type=\"section\" data-e-type=\"section\">\n\t\t\t\t\t\t<div class=\"elementor-container elementor-column-gap-default\">\n\t\t\t\t\t<div class=\"elementor-column elementor-col-25 elementor-top-column elementor-element elementor-element-5d4684c\" data-id=\"5d4684c\" data-element_type=\"column\" data-e-type=\"column\">\n\t\t\t<div class=\"elementor-widget-wrap\">\n\t\t\t\t\t\t\t<\/div>\n\t\t<\/div>\n\t\t\t\t<div class=\"elementor-column elementor-col-25 elementor-top-column elementor-element elementor-element-449dd81\" data-id=\"449dd81\" data-element_type=\"column\" data-e-type=\"column\">\n\t\t\t<div class=\"elementor-widget-wrap elementor-element-populated\">\n\t\t\t\t\t\t<section class=\"elementor-section elementor-inner-section elementor-element elementor-element-c66ae09 elementor-section-boxed elementor-section-height-default elementor-section-height-default wpr-particle-no wpr-jarallax-no wpr-parallax-no wpr-sticky-section-no wpr-column-slider-no wpr-equal-height-no\" data-id=\"c66ae09\" data-element_type=\"section\" data-e-type=\"section\">\n\t\t\t\t\t\t<div class=\"elementor-container elementor-column-gap-default\">\n\t\t\t\t\t<div class=\"elementor-column elementor-col-100 elementor-inner-column elementor-element elementor-element-851a8d4\" data-id=\"851a8d4\" data-element_type=\"column\" data-e-type=\"column\" data-settings=\"{&quot;background_background&quot;:&quot;classic&quot;}\">\n\t\t\t<div class=\"elementor-widget-wrap elementor-element-populated\">\n\t\t\t\t\t\t<div class=\"elementor-element elementor-element-8790ee7 elementor-view-default elementor-position-block-start elementor-mobile-position-block-start elementor-widget elementor-widget-icon-box\" data-id=\"8790ee7\" data-element_type=\"widget\" data-e-type=\"widget\" data-widget_type=\"icon-box.default\">\n\t\t\t\t<div class=\"elementor-widget-container\">\n\t\t\t\t\t\t\t<div class=\"elementor-icon-box-wrapper\">\n\n\t\t\t\t\t\t<div class=\"elementor-icon-box-icon\">\n\t\t\t\t<span  class=\"elementor-icon\">\n\t\t\t\t<svg aria-hidden=\"true\" class=\"e-font-icon-svg e-fas-map-marker-alt\" viewBox=\"0 0 384 512\" xmlns=\"http:\/\/www.w3.org\/2000\/svg\"><path d=\"M172.268 501.67C26.97 291.031 0 269.413 0 192 0 85.961 85.961 0 192 0s192 85.961 192 192c0 77.413-26.97 99.031-172.268 309.67-9.535 13.774-29.93 13.773-39.464 0zM192 272c44.183 0 80-35.817 80-80s-35.817-80-80-80-80 35.817-80 80 35.817 80 80 80z\"><\/path><\/svg>\t\t\t\t<\/span>\n\t\t\t<\/div>\n\t\t\t\n\t\t\t\t\t\t<div class=\"elementor-icon-box-content\">\n\n\t\t\t\t\t\t\t\t\t<h3 class=\"elementor-icon-box-title\">\n\t\t\t\t\t\t<span  >\n\t\t\t\t\t\t\tUruguay\t\t\t\t\t\t<\/span>\n\t\t\t\t\t<\/h3>\n\t\t\t\t\n\t\t\t\t\t\t\t\t\t<p class=\"elementor-icon-box-description\">\n\t\t\t\t\t\t<br>+598 94 365 040\n<br>info@hcc.com.uy\n<br>Miraflores 1360 esq. Rambla, Piso 2\n<br>CP 11500\n<br>Montevideo\t\t\t\t\t<\/p>\n\t\t\t\t\n\t\t\t<\/div>\n\t\t\t\n\t\t<\/div>\n\t\t\t\t\t\t<\/div>\n\t\t\t\t<\/div>\n\t\t\t\t\t<\/div>\n\t\t<\/div>\n\t\t\t\t\t<\/div>\n\t\t<\/section>\n\t\t\t\t\t<\/div>\n\t\t<\/div>\n\t\t\t\t<div class=\"elementor-column elementor-col-25 elementor-top-column elementor-element elementor-element-b55f0e4\" data-id=\"b55f0e4\" data-element_type=\"column\" data-e-type=\"column\">\n\t\t\t<div class=\"elementor-widget-wrap elementor-element-populated\">\n\t\t\t\t\t\t<section class=\"elementor-section elementor-inner-section elementor-element elementor-element-d2e81ce elementor-section-boxed elementor-section-height-default elementor-section-height-default wpr-particle-no wpr-jarallax-no wpr-parallax-no wpr-sticky-section-no wpr-column-slider-no wpr-equal-height-no\" data-id=\"d2e81ce\" data-element_type=\"section\" data-e-type=\"section\">\n\t\t\t\t\t\t<div class=\"elementor-container elementor-column-gap-default\">\n\t\t\t\t\t<div class=\"elementor-column elementor-col-100 elementor-inner-column elementor-element elementor-element-4dadc25\" data-id=\"4dadc25\" data-element_type=\"column\" data-e-type=\"column\" data-settings=\"{&quot;background_background&quot;:&quot;classic&quot;}\">\n\t\t\t<div class=\"elementor-widget-wrap elementor-element-populated\">\n\t\t\t\t\t\t<div class=\"elementor-element elementor-element-69a658c elementor-view-default elementor-position-block-start elementor-mobile-position-block-start elementor-widget elementor-widget-icon-box\" data-id=\"69a658c\" data-element_type=\"widget\" data-e-type=\"widget\" data-widget_type=\"icon-box.default\">\n\t\t\t\t<div class=\"elementor-widget-container\">\n\t\t\t\t\t\t\t<div class=\"elementor-icon-box-wrapper\">\n\n\t\t\t\t\t\t<div class=\"elementor-icon-box-icon\">\n\t\t\t\t<span  class=\"elementor-icon\">\n\t\t\t\t<svg aria-hidden=\"true\" class=\"e-font-icon-svg e-fas-map-marker-alt\" viewBox=\"0 0 384 512\" xmlns=\"http:\/\/www.w3.org\/2000\/svg\"><path d=\"M172.268 501.67C26.97 291.031 0 269.413 0 192 0 85.961 85.961 0 192 0s192 85.961 192 192c0 77.413-26.97 99.031-172.268 309.67-9.535 13.774-29.93 13.773-39.464 0zM192 272c44.183 0 80-35.817 80-80s-35.817-80-80-80-80 35.817-80 80 35.817 80 80 80z\"><\/path><\/svg>\t\t\t\t<\/span>\n\t\t\t<\/div>\n\t\t\t\n\t\t\t\t\t\t<div class=\"elementor-icon-box-content\">\n\n\t\t\t\t\t\t\t\t\t<h3 class=\"elementor-icon-box-title\">\n\t\t\t\t\t\t<span  >\n\t\t\t\t\t\t\tChile\t\t\t\t\t\t<\/span>\n\t\t\t\t\t<\/h3>\n\t\t\t\t\n\t\t\t\t\t\t\t\t\t<p class=\"elementor-icon-box-description\">\n\t\t\t\t\t\t<br>+56 2 2364 4241\n<br>info@hcc.academy\n<br>Av. Isidora Goyenechea # 3000\n<br>Edificio Isidora 3000, Piso 23\n<br>Las Condes, Santiago\t\t\t\t\t<\/p>\n\t\t\t\t\n\t\t\t<\/div>\n\t\t\t\n\t\t<\/div>\n\t\t\t\t\t\t<\/div>\n\t\t\t\t<\/div>\n\t\t\t\t\t<\/div>\n\t\t<\/div>\n\t\t\t\t\t<\/div>\n\t\t<\/section>\n\t\t\t\t\t<\/div>\n\t\t<\/div>\n\t\t\t\t<div class=\"elementor-column elementor-col-25 elementor-top-column elementor-element elementor-element-52d6bd2\" data-id=\"52d6bd2\" data-element_type=\"column\" data-e-type=\"column\">\n\t\t\t<div class=\"elementor-widget-wrap\">\n\t\t\t\t\t\t\t<\/div>\n\t\t<\/div>\n\t\t\t\t\t<\/div>\n\t\t<\/section>\n\t\t\t\t<section class=\"elementor-section elementor-top-section elementor-element elementor-element-4823d34 elementor-section-boxed elementor-section-height-default elementor-section-height-default wpr-particle-no wpr-jarallax-no wpr-parallax-no wpr-sticky-section-no wpr-column-slider-no wpr-equal-height-no\" data-id=\"4823d34\" data-element_type=\"section\" data-e-type=\"section\">\n\t\t\t\t\t\t<div class=\"elementor-container elementor-column-gap-default\">\n\t\t\t\t\t<div class=\"elementor-column elementor-col-50 elementor-top-column elementor-element elementor-element-856da4d\" data-id=\"856da4d\" data-element_type=\"column\" data-e-type=\"column\">\n\t\t\t<div class=\"elementor-widget-wrap elementor-element-populated\">\n\t\t\t\t\t\t<div class=\"elementor-element elementor-element-c6a88ec elementor-widget elementor-widget-heading\" data-id=\"c6a88ec\" data-element_type=\"widget\" data-e-type=\"widget\" data-widget_type=\"heading.default\">\n\t\t\t\t<div class=\"elementor-widget-container\">\n\t\t\t\t\t<h2 class=\"elementor-heading-title elementor-size-default\">Cont\u00e1ctanos\n<\/h2>\t\t\t\t<\/div>\n\t\t\t\t<\/div>\n\t\t\t\t<div class=\"elementor-element elementor-element-d27a70c elementor-widget elementor-widget-icon-box\" data-id=\"d27a70c\" data-element_type=\"widget\" data-e-type=\"widget\" data-widget_type=\"icon-box.default\">\n\t\t\t\t<div class=\"elementor-widget-container\">\n\t\t\t\t\t\t\t<div class=\"elementor-icon-box-wrapper\">\n\n\t\t\t\n\t\t\t\t\t\t<div class=\"elementor-icon-box-content\">\n\n\t\t\t\t\n\t\t\t\t\t\t\t\t\t<p class=\"elementor-icon-box-description\">\n\t\t\t\t\t\tD\u00e9janos tu mensaje y nos comunicaremos a la brevedad.\n\t\t\t\t\t<\/p>\n\t\t\t\t\n\t\t\t<\/div>\n\t\t\t\n\t\t<\/div>\n\t\t\t\t\t\t<\/div>\n\t\t\t\t<\/div>\n\t\t\t\t\t<\/div>\n\t\t<\/div>\n\t\t\t\t<div class=\"elementor-column elementor-col-50 elementor-top-column elementor-element elementor-element-af317bd\" data-id=\"af317bd\" data-element_type=\"column\" data-e-type=\"column\">\n\t\t\t<div class=\"elementor-widget-wrap elementor-element-populated\">\n\t\t\t\t\t\t<div class=\"elementor-element elementor-element-2e3aa7a wpr-step-type-number_text wpr-step-content-layout-vertical wpr-custom-styles-yes elementor-widget elementor-widget-wpr-form-builder\" data-id=\"2e3aa7a\" data-element_type=\"widget\" data-e-type=\"widget\" data-settings=\"{&quot;success_message&quot;:&quot;Env\\u00edo exitoso&quot;,&quot;error_message&quot;:&quot;Fallo en el env\\u00edo &quot;,&quot;button_width&quot;:{&quot;unit&quot;:&quot;%&quot;,&quot;size&quot;:100,&quot;sizes&quot;:[]},&quot;button_width_laptop&quot;:{&quot;unit&quot;:&quot;px&quot;,&quot;size&quot;:&quot;&quot;,&quot;sizes&quot;:[]},&quot;button_width_tablet&quot;:{&quot;unit&quot;:&quot;px&quot;,&quot;size&quot;:&quot;&quot;,&quot;sizes&quot;:[]},&quot;button_width_mobile&quot;:{&quot;unit&quot;:&quot;px&quot;,&quot;size&quot;:&quot;&quot;,&quot;sizes&quot;:[]},&quot;step_type&quot;:&quot;number_text&quot;,&quot;step_content_layout&quot;:&quot;vertical&quot;}\" data-widget_type=\"wpr-form-builder.default\">\n\t\t\t\t<div class=\"elementor-widget-container\">\n\t\t\t\t\t\t\t<form class=\"wpr-form\" method=\"post\" name=\"Formulario de contacto\" page=\"Contacto\" page_id=\"11\" novalidate>\n\t\t\t<input type=\"hidden\" name=\"post_id\" value=\"11\"\/>\n\t\t\t<input type=\"hidden\" name=\"form_id\" value=\"2e3aa7a\"\/>\n\t\t\t<input type=\"hidden\" name=\"referer_title\" value=\"HCC\" \/>\n\n\t\t\t<div class=\"wpr-step-wrap\"><\/div>\n\t\t\t<div class=\"wpr-form-fields-wrap wpr-labels-above\">\n\t\t\t\t\t\t\t\t\t<div class=\"wpr-form-field-type-text wpr-field-group wpr-column wpr-field-group-nombre elementor-repeater-item-eddfb84 wpr-form-field-required\">\n\t\t\t\t\t\t\t\t\t\t\t\t\t\t<label for=\"form-field-nombre\" class=\"wpr-form-field-label\" data-alt-label=\"Nombre\">\n\t\t\t\t\t\t\t\t\tNombre\t\t\t\t\t\t\t\t<\/label>\n\t\t\t\t\t\t\t<input size=\"1 \"type=\"text\" name=\"form_fields[nombre]\" id=\"form-field-nombre\" class=\"wpr-form-field  wpr-form-field-textual\" placeholder=\"Nombre\" required=\"required\" aria-required=\"true\">\t\t\t\t\t<\/div>\n\t\t\t\t\t\t\t\t\t<div class=\"wpr-form-field-type-email wpr-field-group wpr-column wpr-field-group-f7bddbf elementor-repeater-item-f7bddbf wpr-form-field-required\">\n\t\t\t\t\t\t\t\t\t\t\t\t\t\t<label for=\"form-field-f7bddbf\" class=\"wpr-form-field-label\" data-alt-label=\"Email\">\n\t\t\t\t\t\t\t\t\tEmail\t\t\t\t\t\t\t\t<\/label>\n\t\t\t\t\t\t\t<input size=\"1 \"type=\"email\" name=\"form_fields[f7bddbf]\" id=\"form-field-f7bddbf\" class=\"wpr-form-field  wpr-form-field-textual\" placeholder=\"Email\" required=\"required\" aria-required=\"true\">\t\t\t\t\t<\/div>\n\t\t\t\t\t\t\t\t\t<div class=\"wpr-form-field-type-textarea wpr-field-group wpr-column wpr-field-group-mensaje elementor-repeater-item-8f8abb8 wpr-form-field-required\">\n\t\t\t\t\t\t\t\t\t\t\t\t\t\t<label for=\"form-field-mensaje\" class=\"wpr-form-field-label\" data-alt-label=\"Mensaje\">\n\t\t\t\t\t\t\t\t\tMensaje\t\t\t\t\t\t\t\t<\/label>\n\t\t\t\t\t\t\t<textarea class=\"wpr-form-field-textual wpr-form-field \" name=\"form_fields[mensaje]\" id=\"form-field-mensaje\" rows=\"7\" placeholder=\"Mensaje\" required=\"required\" aria-required=\"true\"><\/textarea>\t\t\t\t\t<\/div>\n\t\t\t\t<div class=\"wpr-field-group wpr-stp-btns-wrap wpr-column wpr-form-field-type-submit\" data-actions=\"[&quot;email&quot;]\" data-redirect-url=\"\" data-mailchimp-fields=\"{&quot;email_field&quot;:&quot;&quot;,&quot;first_name_field&quot;:&quot;&quot;,&quot;last_name_field&quot;:&quot;&quot;,&quot;address_field&quot;:&quot;&quot;,&quot;phone_field&quot;:&quot;&quot;,&quot;birthday_field&quot;:&quot;&quot;,&quot;group_id&quot;:&quot;&quot;}\" data-list-id=\"\">\t\t\t<button type=\"submit\" class=\"wpr-button\">\n\t\t\t\t<span >\n\t\t\t\t\t\t\t\t\t\t\t\t\t\t\t\t<span>Enviar<\/span>\n\t\t\t\t\t\t\t\t\t\t\t\t\t\t<\/span>\t\n\t\t\t\t<div class=\"wpr-double-bounce wpr-loader-hidden\">\n\t\t\t\t\t<div class=\"wpr-child wpr-double-bounce1\"><\/div>\n\t\t\t\t\t<div class=\"wpr-child wpr-double-bounce2\"><\/div>\n\t\t\t\t<\/div>\n\t\t\t<\/button>\n\t\t<\/div>\t\t\t\t\n\t\t\t<\/div>\n\t\t<\/form>\n\t  \t\t\t\t<\/div>\n\t\t\t\t<\/div>\n\t\t\t\t\t<\/div>\n\t\t<\/div>\n\t\t\t\t\t<\/div>\n\t\t<\/section>\n\t\t<div class=\"elementor-element elementor-element-949512c e-flex e-con-boxed wpr-particle-no wpr-jarallax-no wpr-parallax-no wpr-sticky-section-no wpr-column-slider-no wpr-equal-height-no e-con e-parent\" data-id=\"949512c\" data-element_type=\"container\" data-e-type=\"container\">\n\t\t\t\t\t<div class=\"e-con-inner\">\n\t\t\t\t\t<\/div>\n\t\t\t\t<\/div>\n\t\t<div class=\"elementor-element elementor-element-0e4011d e-flex e-con-boxed wpr-particle-no wpr-jarallax-no wpr-parallax-no wpr-sticky-section-no wpr-column-slider-no wpr-equal-height-no e-con e-parent\" data-id=\"0e4011d\" data-element_type=\"container\" data-e-type=\"container\">\n\t\t\t\t\t<div class=\"e-con-inner\">\n\t\t\t\t\t<\/div>\n\t\t\t\t<\/div>\n\t\t\t\t<\/div>\n\t\t","protected":false},"excerpt":{"rendered":"<p>Uruguay +598 94 365 040 info@hcc.com.uy Miraflores 1360 esq. Rambla, Piso 2 CP 11500 Montevideo Chile +56 2 2364 4241 info@hcc.academy Av. Isidora Goyenechea # 3000 Edificio Isidora 3000, Piso 23 Las Condes, Santiago Cont\u00e1ctanos D\u00e9janos tu mensaje y nos comunicaremos a la brevedad. Nombre Email Mensaje Enviar<\/p>\n","protected":false},"author":5,"featured_media":0,"parent":0,"menu_order":0,"comment_status":"closed","ping_status":"closed","template":"elementor_canvas","meta":{"footnotes":""},"class_list":["post-11","page","type-page","status-publish","hentry"],"yoast_head":"<!-- This site is optimized with the Yoast SEO plugin v27.5 - https:\/\/yoast.com\/product\/yoast-seo-wordpress\/ -->\n<title>Contacto - HCC<\/title>\n<meta name=\"robots\" content=\"index, follow, max-snippet:-1, max-image-preview:large, max-video-preview:-1\" \/>\n<link rel=\"canonical\" href=\"https:\/\/hcc.academy.hcc.com.uy\/coach\/contacto\/\" \/>\n<meta property=\"og:locale\" content=\"en_US\" \/>\n<meta property=\"og:type\" content=\"article\" \/>\n<meta property=\"og:title\" content=\"Contacto - HCC\" \/>\n<meta property=\"og:description\" content=\"Uruguay +598 94 365 040 info@hcc.com.uy Miraflores 1360 esq. Rambla, Piso 2 CP 11500 Montevideo Chile +56 2 2364 4241 info@hcc.academy Av. Isidora Goyenechea # 3000 Edificio Isidora 3000, Piso 23 Las Condes, Santiago Cont\u00e1ctanos D\u00e9janos tu mensaje y nos comunicaremos a la brevedad. Nombre Email Mensaje Enviar\" \/>\n<meta property=\"og:url\" content=\"https:\/\/hcc.academy.hcc.com.uy\/coach\/contacto\/\" \/>\n<meta property=\"og:site_name\" content=\"HCC\" \/>\n<meta property=\"article:publisher\" content=\"https:\/\/www.facebook.com\/hcc.consulting.global\/\" \/>\n<meta property=\"article:modified_time\" content=\"2024-09-19T18:23:18+00:00\" \/>\n<meta property=\"og:image\" content=\"https:\/\/mldpow0jtrp7.i.optimole.com\/cb:9nt5.2c581\/w:1776\/h:838\/q:mauto\/g:sm\/f:best\/id:79258c7b5a457d90e1920144d47f4c4b\/https:\/\/hcc.academy\/HCC_logos__Logo-Principal-_-transp-1.png\" \/>\n\t<meta property=\"og:image:width\" content=\"1776\" \/>\n\t<meta property=\"og:image:height\" content=\"838\" \/>\n\t<meta property=\"og:image:type\" content=\"image\/png\" \/>\n<meta name=\"twitter:card\" content=\"summary_large_image\" \/>\n<meta name=\"twitter:label1\" content=\"Est. reading time\" \/>\n\t<meta name=\"twitter:data1\" content=\"1 minute\" \/>\n<script type=\"application\/ld+json\" class=\"yoast-schema-graph\">{\n\t    \"@context\": \"https:\\\/\\\/schema.org\",\n\t    \"@graph\": [\n\t        {\n\t            \"@type\": \"WebPage\",\n\t            \"@id\": \"https:\\\/\\\/hcc.academy.hcc.com.uy\\\/coach\\\/contacto\\\/\",\n\t            \"url\": \"https:\\\/\\\/hcc.academy.hcc.com.uy\\\/coach\\\/contacto\\\/\",\n\t            \"name\": \"Contacto - HCC\",\n\t            \"isPartOf\": {\n\t                \"@id\": \"https:\\\/\\\/hcc.academy.hcc.com.uy\\\/coach\\\/#website\"\n\t            },\n\t            \"datePublished\": \"2023-05-19T06:31:38+00:00\",\n\t            \"dateModified\": \"2024-09-19T18:23:18+00:00\",\n\t            \"inLanguage\": \"en-US\",\n\t            \"potentialAction\": [\n\t                {\n\t                    \"@type\": \"ReadAction\",\n\t                    \"target\": [\n\t                        \"https:\\\/\\\/hcc.academy.hcc.com.uy\\\/coach\\\/contacto\\\/\"\n\t                    ]\n\t                }\n\t            ]\n\t        },\n\t        {\n\t            \"@type\": \"WebSite\",\n\t            \"@id\": \"https:\\\/\\\/hcc.academy.hcc.com.uy\\\/coach\\\/#website\",\n\t            \"url\": \"https:\\\/\\\/hcc.academy.hcc.com.uy\\\/coach\\\/\",\n\t            \"name\": \"HCC\",\n\t            \"description\": \"Consultor\u00eda en Capital Humano, Gesti\u00f3n Organizacional, Coaching Profesional, Entrenamiento y Capacitaci\u00f3n, Gesti\u00f3n Econ\u00f3mico-Financiera y Gesti\u00f3n Tributaria.\",\n\t            \"publisher\": {\n\t                \"@id\": \"https:\\\/\\\/hcc.academy.hcc.com.uy\\\/coach\\\/#organization\"\n\t            },\n\t            \"potentialAction\": [\n\t                {\n\t                    \"@type\": \"SearchAction\",\n\t                    \"target\": {\n\t                        \"@type\": \"EntryPoint\",\n\t                        \"urlTemplate\": \"https:\\\/\\\/hcc.academy.hcc.com.uy\\\/coach\\\/?s={search_term_string}\"\n\t                    },\n\t                    \"query-input\": {\n\t                        \"@type\": \"PropertyValueSpecification\",\n\t                        \"valueRequired\": true,\n\t                        \"valueName\": \"search_term_string\"\n\t                    }\n\t                }\n\t            ],\n\t            \"inLanguage\": \"en-US\"\n\t        },\n\t        {\n\t            \"@type\": \"Organization\",\n\t            \"@id\": \"https:\\\/\\\/hcc.academy.hcc.com.uy\\\/coach\\\/#organization\",\n\t            \"name\": \"HCC\",\n\t            \"url\": \"https:\\\/\\\/hcc.academy.hcc.com.uy\\\/coach\\\/\",\n\t            \"logo\": {\n\t                \"@type\": \"ImageObject\",\n\t                \"inLanguage\": \"en-US\",\n\t                \"@id\": \"https:\\\/\\\/hcc.academy.hcc.com.uy\\\/coach\\\/#\\\/schema\\\/logo\\\/image\\\/\",\n\t                \"url\": \"https:\\/\\/hcc.academy.hcc.com.uy\\/coach\\/wp-content\\/uploads\\/2023\\/04\\/HCC_Academy__Logo-Fondo-2-4.png\",\n\t                \"contentUrl\": \"https:\\/\\/hcc.academy.hcc.com.uy\\/coach\\/wp-content\\/uploads\\/2023\\/04\\/HCC_Academy__Logo-Fondo-2-4.png\",\n\t                \"width\": 1080,\n\t                \"height\": 1080,\n\t                \"caption\": \"HCC\"\n\t            },\n\t            \"image\": {\n\t                \"@id\": \"https:\\\/\\\/hcc.academy.hcc.com.uy\\\/coach\\\/#\\\/schema\\\/logo\\\/image\\\/\"\n\t            },\n\t            \"sameAs\": [\n\t                \"https:\\\/\\\/www.facebook.com\\\/hcc.consulting.global\\\/\",\n\t                \"https:\\\/\\\/www.instagram.com\\\/hcc.global\\\/\",\n\t                \"https:\\\/\\\/www.linkedin.com\\\/company\\\/humancapitalconsulting\"\n\t            ]\n\t        }\n\t    ]\n\t}<\/script>\n<!-- \/ Yoast SEO plugin. -->","yoast_head_json":{"title":"Contacto - HCC","robots":{"index":"index","follow":"follow","max-snippet":"max-snippet:-1","max-image-preview":"max-image-preview:large","max-video-preview":"max-video-preview:-1"},"canonical":"https:\/\/hcc.academy.hcc.com.uy\/coach\/contacto\/","og_locale":"en_US","og_type":"article","og_title":"Contacto - HCC","og_description":"Uruguay +598 94 365 040 info@hcc.com.uy Miraflores 1360 esq. Rambla, Piso 2 CP 11500 Montevideo Chile +56 2 2364 4241 info@hcc.academy Av. Isidora Goyenechea # 3000 Edificio Isidora 3000, Piso 23 Las Condes, Santiago Cont\u00e1ctanos D\u00e9janos tu mensaje y nos comunicaremos a la brevedad. Nombre Email Mensaje Enviar","og_url":"https:\/\/hcc.academy.hcc.com.uy\/coach\/contacto\/","og_site_name":"HCC","article_publisher":"https:\/\/www.facebook.com\/hcc.consulting.global\/","article_modified_time":"2024-09-19T18:23:18+00:00","og_image":[{"width":1776,"height":838,"url":"https:\/\/mldpow0jtrp7.i.optimole.com\/cb:9nt5.2c581\/w:1776\/h:838\/q:mauto\/g:sm\/f:best\/id:79258c7b5a457d90e1920144d47f4c4b\/https:\/\/hcc.academy\/HCC_logos__Logo-Principal-_-transp-1.png","type":"image\/png"}],"twitter_card":"summary_large_image","twitter_misc":{"Est. reading time":"1 minute"},"schema":{"@context":"https:\/\/schema.org","@graph":[{"@type":"WebPage","@id":"https:\/\/hcc.academy.hcc.com.uy\/coach\/contacto\/","url":"https:\/\/hcc.academy.hcc.com.uy\/coach\/contacto\/","name":"Contacto - HCC","isPartOf":{"@id":"https:\/\/hcc.academy.hcc.com.uy\/coach\/#website"},"datePublished":"2023-05-19T06:31:38+00:00","dateModified":"2024-09-19T18:23:18+00:00","inLanguage":"en-US","potentialAction":[{"@type":"ReadAction","target":["https:\/\/hcc.academy.hcc.com.uy\/coach\/contacto\/"]}]},{"@type":"WebSite","@id":"https:\/\/hcc.academy.hcc.com.uy\/coach\/#website","url":"https:\/\/hcc.academy.hcc.com.uy\/coach\/","name":"HCC","description":"Consultor\u00eda en Capital Humano, Gesti\u00f3n Organizacional, Coaching Profesional, Entrenamiento y Capacitaci\u00f3n, Gesti\u00f3n Econ\u00f3mico-Financiera y Gesti\u00f3n Tributaria.","publisher":{"@id":"https:\/\/hcc.academy.hcc.com.uy\/coach\/#organization"},"potentialAction":[{"@type":"SearchAction","target":{"@type":"EntryPoint","urlTemplate":"https:\/\/hcc.academy.hcc.com.uy\/coach\/?s={search_term_string}"},"query-input":{"@type":"PropertyValueSpecification","valueRequired":true,"valueName":"search_term_string"}}],"inLanguage":"en-US"},{"@type":"Organization","@id":"https:\/\/hcc.academy.hcc.com.uy\/coach\/#organization","name":"HCC","url":"https:\/\/hcc.academy.hcc.com.uy\/coach\/","logo":{"@type":"ImageObject","inLanguage":"en-US","@id":"https:\/\/hcc.academy.hcc.com.uy\/coach\/#\/schema\/logo\/image\/","url":"https:\/\/mldpow0jtrp7.i.optimole.com\/cb:9nt5.2c581\/w:auto\/h:auto\/q:mauto\/g:sm\/f:best\/id:44b1b6501f58187633f993bf45799db9\/https:\/\/hcc.academy\/HCC_Academy__Logo-Fondo-2-4.png","contentUrl":"https:\/\/mldpow0jtrp7.i.optimole.com\/cb:9nt5.2c581\/w:auto\/h:auto\/q:mauto\/g:sm\/f:best\/id:44b1b6501f58187633f993bf45799db9\/https:\/\/hcc.academy\/HCC_Academy__Logo-Fondo-2-4.png","width":1080,"height":1080,"caption":"HCC"},"image":{"@id":"https:\/\/hcc.academy.hcc.com.uy\/coach\/#\/schema\/logo\/image\/"},"sameAs":["https:\/\/www.facebook.com\/hcc.consulting.global\/","https:\/\/www.instagram.com\/hcc.global\/","https:\/\/www.linkedin.com\/company\/humancapitalconsulting"]}]}},"_links":{"self":[{"href":"https:\/\/hcc.academy.hcc.com.uy\/coach\/wp-json\/wp\/v2\/pages\/11","targetHints":{"allow":["GET"]}}],"collection":[{"href":"https:\/\/hcc.academy.hcc.com.uy\/coach\/wp-json\/wp\/v2\/pages"}],"about":[{"href":"https:\/\/hcc.academy.hcc.com.uy\/coach\/wp-json\/wp\/v2\/types\/page"}],"author":[{"embeddable":true,"href":"https:\/\/hcc.academy.hcc.com.uy\/coach\/wp-json\/wp\/v2\/users\/5"}],"replies":[{"embeddable":true,"href":"https:\/\/hcc.academy.hcc.com.uy\/coach\/wp-json\/wp\/v2\/comments?post=11"}],"version-history":[{"count":52,"href":"https:\/\/hcc.academy.hcc.com.uy\/coach\/wp-json\/wp\/v2\/pages\/11\/revisions"}],"predecessor-version":[{"id":999962597,"href":"https:\/\/hcc.academy.hcc.com.uy\/coach\/wp-json\/wp\/v2\/pages\/11\/revisions\/999962597"}],"wp:attachment":[{"href":"https:\/\/hcc.academy.hcc.com.uy\/coach\/wp-json\/wp\/v2\/media?parent=11"}],"curies":[{"name":"wp","href":"https:\/\/api.w.org\/{rel}","templated":true}]}}