{"id":999961028,"date":"2024-02-01T16:07:56","date_gmt":"2024-02-01T16:07:56","guid":{"rendered":"https:\/\/hcc.academy\/coach\/?page_id=999961028"},"modified":"2024-02-02T16:04:51","modified_gmt":"2024-02-02T16:04:51","slug":"coaching","status":"publish","type":"page","link":"https:\/\/hcc.academy.hcc.com.uy\/coach\/coaching\/","title":{"rendered":"Coaching"},"content":{"rendered":"\t\t<div data-elementor-type=\"wp-page\" data-elementor-id=\"999961028\" class=\"elementor elementor-999961028\">\n\t\t\t\t\t\t<section class=\"elementor-section elementor-top-section elementor-element elementor-element-b64a53b elementor-section-height-min-height elementor-section-boxed elementor-section-height-default elementor-section-items-middle wpr-particle-no wpr-jarallax-no wpr-parallax-no wpr-sticky-section-no wpr-column-slider-no wpr-equal-height-no\" data-id=\"b64a53b\" data-element_type=\"section\" data-e-type=\"section\" data-settings=\"{&quot;background_background&quot;:&quot;classic&quot;,&quot;shape_divider_bottom&quot;:&quot;tilt&quot;}\">\n\t\t\t\t\t\t\t<div class=\"elementor-background-overlay\"><\/div>\n\t\t\t\t\t\t<div class=\"elementor-shape elementor-shape-bottom\" aria-hidden=\"true\" data-negative=\"false\">\n\t\t\t<svg xmlns=\"http:\/\/www.w3.org\/2000\/svg\" viewBox=\"0 0 1000 100\" preserveAspectRatio=\"none\">\n\t<path class=\"elementor-shape-fill\" d=\"M0,6V0h1000v100L0,6z\"\/>\n<\/svg>\t\t<\/div>\n\t\t\t\t\t<div class=\"elementor-container elementor-column-gap-default\">\n\t\t\t\t\t<div class=\"elementor-column elementor-col-100 elementor-top-column elementor-element elementor-element-1d1df3e\" data-id=\"1d1df3e\" data-element_type=\"column\" data-e-type=\"column\">\n\t\t\t<div class=\"elementor-widget-wrap elementor-element-populated\">\n\t\t\t\t\t\t<div class=\"elementor-element elementor-element-bee22f5 elementor-widget elementor-widget-heading\" data-id=\"bee22f5\" data-element_type=\"widget\" data-e-type=\"widget\" data-widget_type=\"heading.default\">\n\t\t\t\t<div class=\"elementor-widget-container\">\n\t\t\t\t\t<h2 class=\"elementor-heading-title elementor-size-default\">Coaching<\/h2>\t\t\t\t<\/div>\n\t\t\t\t<\/div>\n\t\t\t\t\t<\/div>\n\t\t<\/div>\n\t\t\t\t\t<\/div>\n\t\t<\/section>\n\t\t\t\t<section class=\"elementor-section elementor-top-section elementor-element elementor-element-91f6c18 elementor-section-boxed elementor-section-height-default elementor-section-height-default wpr-particle-no wpr-jarallax-no wpr-parallax-no wpr-sticky-section-no wpr-column-slider-no wpr-equal-height-no\" data-id=\"91f6c18\" data-element_type=\"section\" data-e-type=\"section\">\n\t\t\t\t\t\t<div class=\"elementor-container elementor-column-gap-default\">\n\t\t\t\t\t<div class=\"elementor-column elementor-col-100 elementor-top-column elementor-element elementor-element-06eb135\" data-id=\"06eb135\" data-element_type=\"column\" data-e-type=\"column\">\n\t\t\t<div class=\"elementor-widget-wrap elementor-element-populated\">\n\t\t\t\t\t\t<div class=\"elementor-element elementor-element-af8dac8 elementor-widget elementor-widget-text-editor\" data-id=\"af8dac8\" data-element_type=\"widget\" data-e-type=\"widget\" data-widget_type=\"text-editor.default\">\n\t\t\t\t<div class=\"elementor-widget-container\">\n\t\t\t\t\t\t\t\t\t<p>El coaching profesional es una herramienta efectiva y eficiente para lograr cambios permanentes, promover capacidades, competencias y habilidades. Es una pr\u00e1ctica que permite descubrir y aprender estrategias y herramientas para encaminarnos a nuestra mejor versi\u00f3n como personas, equipos y organizaciones.<\/p><p>Apoya la coordinaci\u00f3n y el trabajo en redes, la generaci\u00f3n de una cultura organizacional colaborativa y positiva, la orientaci\u00f3n a objetivos alineados a valores organizacionales y personales.<\/p><p>Fomenta una actitud proactiva, positiva y generadora, para el dise\u00f1o de planes de acci\u00f3n reales que permitan lograr los resultados esperados, atendiendo al bienestar y salud de las personas y las organizaciones.<\/p><p>Nos dedicamos a procesos de coaching empresarial, coaching ejecutivo, de equipos y para l\u00edderes. Nuestra pr\u00e1ctica se basa en una concepci\u00f3n sist\u00e9mica e integradora, atendiendo al nuevo paradigma de gesti\u00f3n que nos proporcionan las neurociencias.<\/p>\t\t\t\t\t\t\t\t<\/div>\n\t\t\t\t<\/div>\n\t\t\t\t\t<\/div>\n\t\t<\/div>\n\t\t\t\t\t<\/div>\n\t\t<\/section>\n\t\t\t\t<section class=\"elementor-section elementor-top-section elementor-element elementor-element-c641cb6 elementor-section-boxed elementor-section-height-default elementor-section-height-default wpr-particle-no wpr-jarallax-no wpr-parallax-no wpr-sticky-section-no wpr-column-slider-no wpr-equal-height-no\" data-id=\"c641cb6\" data-element_type=\"section\" data-e-type=\"section\" data-settings=\"{&quot;background_background&quot;:&quot;classic&quot;}\">\n\t\t\t\t\t\t<div class=\"elementor-container elementor-column-gap-default\">\n\t\t\t\t\t<div class=\"elementor-column elementor-col-50 elementor-top-column elementor-element elementor-element-38c1236\" data-id=\"38c1236\" data-element_type=\"column\" data-e-type=\"column\">\n\t\t\t<div class=\"elementor-widget-wrap elementor-element-populated\">\n\t\t\t\t\t\t<div class=\"elementor-element elementor-element-a53793c elementor-widget elementor-widget-heading\" data-id=\"a53793c\" data-element_type=\"widget\" data-e-type=\"widget\" data-widget_type=\"heading.default\">\n\t\t\t\t<div class=\"elementor-widget-container\">\n\t\t\t\t\t<h2 class=\"elementor-heading-title elementor-size-default\">Procesos<\/h2>\t\t\t\t<\/div>\n\t\t\t\t<\/div>\n\t\t\t\t<div class=\"elementor-element elementor-element-cd65d7d elementor-align-start elementor-icon-list--layout-traditional elementor-list-item-link-full_width elementor-widget elementor-widget-icon-list\" data-id=\"cd65d7d\" data-element_type=\"widget\" data-e-type=\"widget\" data-widget_type=\"icon-list.default\">\n\t\t\t\t<div class=\"elementor-widget-container\">\n\t\t\t\t\t\t\t<ul class=\"elementor-icon-list-items\">\n\t\t\t\t\t\t\t<li class=\"elementor-icon-list-item\">\n\t\t\t\t\t\t\t\t\t\t\t<span class=\"elementor-icon-list-icon\">\n\t\t\t\t\t\t\t<svg aria-hidden=\"true\" class=\"e-font-icon-svg e-fas-chevron-right\" viewBox=\"0 0 320 512\" xmlns=\"http:\/\/www.w3.org\/2000\/svg\"><path d=\"M285.476 272.971L91.132 467.314c-9.373 9.373-24.569 9.373-33.941 0l-22.667-22.667c-9.357-9.357-9.375-24.522-.04-33.901L188.505 256 34.484 101.255c-9.335-9.379-9.317-24.544.04-33.901l22.667-22.667c9.373-9.373 24.569-9.373 33.941 0L285.475 239.03c9.373 9.372 9.373 24.568.001 33.941z\"><\/path><\/svg>\t\t\t\t\t\t<\/span>\n\t\t\t\t\t\t\t\t\t\t<span class=\"elementor-icon-list-text\">Coaching Ejecutivo<\/span>\n\t\t\t\t\t\t\t\t\t<\/li>\n\t\t\t\t\t\t\t\t<li class=\"elementor-icon-list-item\">\n\t\t\t\t\t\t\t\t\t\t\t<span class=\"elementor-icon-list-icon\">\n\t\t\t\t\t\t\t<svg aria-hidden=\"true\" class=\"e-font-icon-svg e-fas-chevron-right\" viewBox=\"0 0 320 512\" xmlns=\"http:\/\/www.w3.org\/2000\/svg\"><path d=\"M285.476 272.971L91.132 467.314c-9.373 9.373-24.569 9.373-33.941 0l-22.667-22.667c-9.357-9.357-9.375-24.522-.04-33.901L188.505 256 34.484 101.255c-9.335-9.379-9.317-24.544.04-33.901l22.667-22.667c9.373-9.373 24.569-9.373 33.941 0L285.475 239.03c9.373 9.372 9.373 24.568.001 33.941z\"><\/path><\/svg>\t\t\t\t\t\t<\/span>\n\t\t\t\t\t\t\t\t\t\t<span class=\"elementor-icon-list-text\">Coaching de Equipos<\/span>\n\t\t\t\t\t\t\t\t\t<\/li>\n\t\t\t\t\t\t\t\t<li class=\"elementor-icon-list-item\">\n\t\t\t\t\t\t\t\t\t\t\t<span class=\"elementor-icon-list-icon\">\n\t\t\t\t\t\t\t<svg aria-hidden=\"true\" class=\"e-font-icon-svg e-fas-chevron-right\" viewBox=\"0 0 320 512\" xmlns=\"http:\/\/www.w3.org\/2000\/svg\"><path d=\"M285.476 272.971L91.132 467.314c-9.373 9.373-24.569 9.373-33.941 0l-22.667-22.667c-9.357-9.357-9.375-24.522-.04-33.901L188.505 256 34.484 101.255c-9.335-9.379-9.317-24.544.04-33.901l22.667-22.667c9.373-9.373 24.569-9.373 33.941 0L285.475 239.03c9.373 9.372 9.373 24.568.001 33.941z\"><\/path><\/svg>\t\t\t\t\t\t<\/span>\n\t\t\t\t\t\t\t\t\t\t<span class=\"elementor-icon-list-text\"> Coaching de L\u00edderes y futuros l\u00edderes<\/span>\n\t\t\t\t\t\t\t\t\t<\/li>\n\t\t\t\t\t\t\t\t<li class=\"elementor-icon-list-item\">\n\t\t\t\t\t\t\t\t\t\t\t<span class=\"elementor-icon-list-icon\">\n\t\t\t\t\t\t\t<svg aria-hidden=\"true\" class=\"e-font-icon-svg e-fas-chevron-right\" viewBox=\"0 0 320 512\" xmlns=\"http:\/\/www.w3.org\/2000\/svg\"><path d=\"M285.476 272.971L91.132 467.314c-9.373 9.373-24.569 9.373-33.941 0l-22.667-22.667c-9.357-9.357-9.375-24.522-.04-33.901L188.505 256 34.484 101.255c-9.335-9.379-9.317-24.544.04-33.901l22.667-22.667c9.373-9.373 24.569-9.373 33.941 0L285.475 239.03c9.373 9.372 9.373 24.568.001 33.941z\"><\/path><\/svg>\t\t\t\t\t\t<\/span>\n\t\t\t\t\t\t\t\t\t\t<span class=\"elementor-icon-list-text\"> Coaching Empresarial<\/span>\n\t\t\t\t\t\t\t\t\t<\/li>\n\t\t\t\t\t\t\t\t<li class=\"elementor-icon-list-item\">\n\t\t\t\t\t\t\t\t\t\t\t<span class=\"elementor-icon-list-icon\">\n\t\t\t\t\t\t\t<svg aria-hidden=\"true\" class=\"e-font-icon-svg e-fas-chevron-right\" viewBox=\"0 0 320 512\" xmlns=\"http:\/\/www.w3.org\/2000\/svg\"><path d=\"M285.476 272.971L91.132 467.314c-9.373 9.373-24.569 9.373-33.941 0l-22.667-22.667c-9.357-9.357-9.375-24.522-.04-33.901L188.505 256 34.484 101.255c-9.335-9.379-9.317-24.544.04-33.901l22.667-22.667c9.373-9.373 24.569-9.373 33.941 0L285.475 239.03c9.373 9.372 9.373 24.568.001 33.941z\"><\/path><\/svg>\t\t\t\t\t\t<\/span>\n\t\t\t\t\t\t\t\t\t\t<span class=\"elementor-icon-list-text\"> Coaching Vocacional<\/span>\n\t\t\t\t\t\t\t\t\t<\/li>\n\t\t\t\t\t\t\t\t<li class=\"elementor-icon-list-item\">\n\t\t\t\t\t\t\t\t\t\t\t<span class=\"elementor-icon-list-icon\">\n\t\t\t\t\t\t\t<svg aria-hidden=\"true\" class=\"e-font-icon-svg e-fas-chevron-right\" viewBox=\"0 0 320 512\" xmlns=\"http:\/\/www.w3.org\/2000\/svg\"><path d=\"M285.476 272.971L91.132 467.314c-9.373 9.373-24.569 9.373-33.941 0l-22.667-22.667c-9.357-9.357-9.375-24.522-.04-33.901L188.505 256 34.484 101.255c-9.335-9.379-9.317-24.544.04-33.901l22.667-22.667c9.373-9.373 24.569-9.373 33.941 0L285.475 239.03c9.373 9.372 9.373 24.568.001 33.941z\"><\/path><\/svg>\t\t\t\t\t\t<\/span>\n\t\t\t\t\t\t\t\t\t\t<span class=\"elementor-icon-list-text\"> Coaching para Emprendedores<\/span>\n\t\t\t\t\t\t\t\t\t<\/li>\n\t\t\t\t\t\t\t\t<li class=\"elementor-icon-list-item\">\n\t\t\t\t\t\t\t\t\t\t\t<span class=\"elementor-icon-list-icon\">\n\t\t\t\t\t\t\t<svg aria-hidden=\"true\" class=\"e-font-icon-svg e-fas-chevron-right\" viewBox=\"0 0 320 512\" xmlns=\"http:\/\/www.w3.org\/2000\/svg\"><path d=\"M285.476 272.971L91.132 467.314c-9.373 9.373-24.569 9.373-33.941 0l-22.667-22.667c-9.357-9.357-9.375-24.522-.04-33.901L188.505 256 34.484 101.255c-9.335-9.379-9.317-24.544.04-33.901l22.667-22.667c9.373-9.373 24.569-9.373 33.941 0L285.475 239.03c9.373 9.372 9.373 24.568.001 33.941z\"><\/path><\/svg>\t\t\t\t\t\t<\/span>\n\t\t\t\t\t\t\t\t\t\t<span class=\"elementor-icon-list-text\">Outplacement con Coaching<\/span>\n\t\t\t\t\t\t\t\t\t<\/li>\n\t\t\t\t\t\t<\/ul>\n\t\t\t\t\t\t<\/div>\n\t\t\t\t<\/div>\n\t\t\t\t<div class=\"elementor-element elementor-element-64306ba wpr-button-icon-style-inline wpr-button-icon-position-right elementor-widget elementor-widget-wpr-button\" data-id=\"64306ba\" data-element_type=\"widget\" data-e-type=\"widget\" data-widget_type=\"wpr-button.default\">\n\t\t\t\t<div class=\"elementor-widget-container\">\n\t\t\t\t\t\t\n\t\t\t\n\t\t\n\t\t<div class=\"wpr-button-wrap elementor-clearfix\">\n\t\t<a class=\"wpr-button wpr-button-effect wpr-button-none\" data-text=\"\" href=\"mailto:info@hcc.com.uy\">\n\t\t\t\n\t\t\t<span class=\"wpr-button-content\">\n\t\t\t\t\t\t\t\t\t<span class=\"wpr-button-text\">Cons\u00faltanos<\/span>\n\t\t\t\t\t\t\t\t\n\t\t\t\t\t\t\t<\/span>\n\t\t<\/a>\n\n\t\t\t\t<\/div>\n\t\n\t\n\t\t\t\t\t<\/div>\n\t\t\t\t<\/div>\n\t\t\t\t\t<\/div>\n\t\t<\/div>\n\t\t\t\t<div class=\"elementor-column elementor-col-50 elementor-top-column elementor-element elementor-element-5c4a392\" data-id=\"5c4a392\" data-element_type=\"column\" data-e-type=\"column\">\n\t\t\t<div class=\"elementor-widget-wrap\">\n\t\t\t\t\t\t\t<\/div>\n\t\t<\/div>\n\t\t\t\t\t<\/div>\n\t\t<\/section>\n\t\t\t\t<\/div>\n\t\t","protected":false},"excerpt":{"rendered":"<p>Coaching El coaching profesional es una herramienta efectiva y eficiente para lograr cambios permanentes, promover capacidades, competencias y habilidades. Es una pr\u00e1ctica que permite descubrir y aprender estrategias y herramientas para encaminarnos a nuestra mejor versi\u00f3n como personas, equipos y organizaciones. Apoya la coordinaci\u00f3n y el trabajo en redes, la generaci\u00f3n de una cultura organizacional colaborativa y positiva, la orientaci\u00f3n a objetivos alineados a valores organizacionales y personales. Fomenta una actitud proactiva, positiva y generadora, para el dise\u00f1o de planes de acci\u00f3n reales que permitan lograr los resultados esperados, atendiendo al bienestar y salud de las personas y las organizaciones. Nos dedicamos a procesos de coaching empresarial, coaching ejecutivo, de equipos y para l\u00edderes. Nuestra pr\u00e1ctica se basa en una concepci\u00f3n sist\u00e9mica e integradora, atendiendo al nuevo paradigma de gesti\u00f3n que nos proporcionan las neurociencias. Procesos Coaching Ejecutivo Coaching de Equipos Coaching de L\u00edderes y futuros l\u00edderes Coaching Empresarial Coaching Vocacional Coaching para Emprendedores Outplacement con Coaching Cons\u00faltanos<\/p>\n","protected":false},"author":5,"featured_media":0,"parent":0,"menu_order":0,"comment_status":"closed","ping_status":"closed","template":"elementor_canvas","meta":{"footnotes":""},"class_list":["post-999961028","page","type-page","status-publish","hentry"],"yoast_head":"<!-- This site is optimized with the Yoast SEO plugin v27.5 - https:\/\/yoast.com\/product\/yoast-seo-wordpress\/ -->\n<title>Coaching - HCC<\/title>\n<meta name=\"robots\" content=\"index, follow, max-snippet:-1, max-image-preview:large, max-video-preview:-1\" \/>\n<link rel=\"canonical\" href=\"https:\/\/hcc.academy.hcc.com.uy\/coach\/coaching\/\" \/>\n<meta property=\"og:locale\" content=\"en_US\" \/>\n<meta property=\"og:type\" content=\"article\" \/>\n<meta property=\"og:title\" content=\"Coaching - HCC\" \/>\n<meta property=\"og:description\" content=\"Coaching El coaching profesional es una herramienta efectiva y eficiente para lograr cambios permanentes, promover capacidades, competencias y habilidades. Es una pr\u00e1ctica que permite descubrir y aprender estrategias y herramientas para encaminarnos a nuestra mejor versi\u00f3n como personas, equipos y organizaciones. Apoya la coordinaci\u00f3n y el trabajo en redes, la generaci\u00f3n de una cultura organizacional colaborativa y positiva, la orientaci\u00f3n a objetivos alineados a valores organizacionales y personales. Fomenta una actitud proactiva, positiva y generadora, para el dise\u00f1o de planes de acci\u00f3n reales que permitan lograr los resultados esperados, atendiendo al bienestar y salud de las personas y las organizaciones. Nos dedicamos a procesos de coaching empresarial, coaching ejecutivo, de equipos y para l\u00edderes. Nuestra pr\u00e1ctica se basa en una concepci\u00f3n sist\u00e9mica e integradora, atendiendo al nuevo paradigma de gesti\u00f3n que nos proporcionan las neurociencias. Procesos Coaching Ejecutivo Coaching de Equipos Coaching de L\u00edderes y futuros l\u00edderes Coaching Empresarial Coaching Vocacional Coaching para Emprendedores Outplacement con Coaching Cons\u00faltanos\" \/>\n<meta property=\"og:url\" content=\"https:\/\/hcc.academy.hcc.com.uy\/coach\/coaching\/\" \/>\n<meta property=\"og:site_name\" content=\"HCC\" \/>\n<meta property=\"article:publisher\" content=\"https:\/\/www.facebook.com\/hcc.consulting.global\/\" \/>\n<meta property=\"article:modified_time\" content=\"2024-02-02T16:04:51+00:00\" \/>\n<meta property=\"og:image\" content=\"https:\/\/mldpow0jtrp7.i.optimole.com\/cb:9nt5.2c581\/w:1776\/h:838\/q:mauto\/g:sm\/f:best\/id:79258c7b5a457d90e1920144d47f4c4b\/https:\/\/hcc.academy\/HCC_logos__Logo-Principal-_-transp-1.png\" \/>\n\t<meta property=\"og:image:width\" content=\"1776\" \/>\n\t<meta property=\"og:image:height\" content=\"838\" \/>\n\t<meta property=\"og:image:type\" content=\"image\/png\" \/>\n<meta name=\"twitter:card\" content=\"summary_large_image\" \/>\n<meta name=\"twitter:label1\" content=\"Est. reading time\" \/>\n\t<meta name=\"twitter:data1\" content=\"1 minute\" \/>\n<script type=\"application\/ld+json\" class=\"yoast-schema-graph\">{\n\t    \"@context\": \"https:\\\/\\\/schema.org\",\n\t    \"@graph\": [\n\t        {\n\t            \"@type\": \"WebPage\",\n\t            \"@id\": \"https:\\\/\\\/hcc.academy.hcc.com.uy\\\/coach\\\/coaching\\\/\",\n\t            \"url\": \"https:\\\/\\\/hcc.academy.hcc.com.uy\\\/coach\\\/coaching\\\/\",\n\t            \"name\": \"Coaching - HCC\",\n\t            \"isPartOf\": {\n\t                \"@id\": \"https:\\\/\\\/hcc.academy.hcc.com.uy\\\/coach\\\/#website\"\n\t            },\n\t            \"datePublished\": \"2024-02-01T16:07:56+00:00\",\n\t            \"dateModified\": \"2024-02-02T16:04:51+00:00\",\n\t            \"inLanguage\": \"en-US\",\n\t            \"potentialAction\": [\n\t                {\n\t                    \"@type\": \"ReadAction\",\n\t                    \"target\": [\n\t                        \"https:\\\/\\\/hcc.academy.hcc.com.uy\\\/coach\\\/coaching\\\/\"\n\t                    ]\n\t                }\n\t            ]\n\t        },\n\t        {\n\t            \"@type\": \"WebSite\",\n\t            \"@id\": \"https:\\\/\\\/hcc.academy.hcc.com.uy\\\/coach\\\/#website\",\n\t            \"url\": \"https:\\\/\\\/hcc.academy.hcc.com.uy\\\/coach\\\/\",\n\t            \"name\": \"HCC\",\n\t            \"description\": \"Consultor\u00eda en Capital Humano, Gesti\u00f3n Organizacional, Coaching Profesional, Entrenamiento y Capacitaci\u00f3n, Gesti\u00f3n Econ\u00f3mico-Financiera y Gesti\u00f3n Tributaria.\",\n\t            \"publisher\": {\n\t                \"@id\": \"https:\\\/\\\/hcc.academy.hcc.com.uy\\\/coach\\\/#organization\"\n\t            },\n\t            \"potentialAction\": [\n\t                {\n\t                    \"@type\": \"SearchAction\",\n\t                    \"target\": {\n\t                        \"@type\": \"EntryPoint\",\n\t                        \"urlTemplate\": \"https:\\\/\\\/hcc.academy.hcc.com.uy\\\/coach\\\/?s={search_term_string}\"\n\t                    },\n\t                    \"query-input\": {\n\t                        \"@type\": \"PropertyValueSpecification\",\n\t                        \"valueRequired\": true,\n\t                        \"valueName\": \"search_term_string\"\n\t                    }\n\t                }\n\t            ],\n\t            \"inLanguage\": \"en-US\"\n\t        },\n\t        {\n\t            \"@type\": \"Organization\",\n\t            \"@id\": \"https:\\\/\\\/hcc.academy.hcc.com.uy\\\/coach\\\/#organization\",\n\t            \"name\": \"HCC\",\n\t            \"url\": \"https:\\\/\\\/hcc.academy.hcc.com.uy\\\/coach\\\/\",\n\t            \"logo\": {\n\t                \"@type\": \"ImageObject\",\n\t                \"inLanguage\": \"en-US\",\n\t                \"@id\": \"https:\\\/\\\/hcc.academy.hcc.com.uy\\\/coach\\\/#\\\/schema\\\/logo\\\/image\\\/\",\n\t                \"url\": \"https:\\/\\/hcc.academy.hcc.com.uy\\/coach\\/wp-content\\/uploads\\/2023\\/04\\/HCC_Academy__Logo-Fondo-2-4.png\",\n\t                \"contentUrl\": \"https:\\/\\/hcc.academy.hcc.com.uy\\/coach\\/wp-content\\/uploads\\/2023\\/04\\/HCC_Academy__Logo-Fondo-2-4.png\",\n\t                \"width\": 1080,\n\t                \"height\": 1080,\n\t                \"caption\": \"HCC\"\n\t            },\n\t            \"image\": {\n\t                \"@id\": \"https:\\\/\\\/hcc.academy.hcc.com.uy\\\/coach\\\/#\\\/schema\\\/logo\\\/image\\\/\"\n\t            },\n\t            \"sameAs\": [\n\t                \"https:\\\/\\\/www.facebook.com\\\/hcc.consulting.global\\\/\",\n\t                \"https:\\\/\\\/www.instagram.com\\\/hcc.global\\\/\",\n\t                \"https:\\\/\\\/www.linkedin.com\\\/company\\\/humancapitalconsulting\"\n\t            ]\n\t        }\n\t    ]\n\t}<\/script>\n<!-- \/ Yoast SEO plugin. -->","yoast_head_json":{"title":"Coaching - HCC","robots":{"index":"index","follow":"follow","max-snippet":"max-snippet:-1","max-image-preview":"max-image-preview:large","max-video-preview":"max-video-preview:-1"},"canonical":"https:\/\/hcc.academy.hcc.com.uy\/coach\/coaching\/","og_locale":"en_US","og_type":"article","og_title":"Coaching - HCC","og_description":"Coaching El coaching profesional es una herramienta efectiva y eficiente para lograr cambios permanentes, promover capacidades, competencias y habilidades. Es una pr\u00e1ctica que permite descubrir y aprender estrategias y herramientas para encaminarnos a nuestra mejor versi\u00f3n como personas, equipos y organizaciones. Apoya la coordinaci\u00f3n y el trabajo en redes, la generaci\u00f3n de una cultura organizacional colaborativa y positiva, la orientaci\u00f3n a objetivos alineados a valores organizacionales y personales. Fomenta una actitud proactiva, positiva y generadora, para el dise\u00f1o de planes de acci\u00f3n reales que permitan lograr los resultados esperados, atendiendo al bienestar y salud de las personas y las organizaciones. Nos dedicamos a procesos de coaching empresarial, coaching ejecutivo, de equipos y para l\u00edderes. Nuestra pr\u00e1ctica se basa en una concepci\u00f3n sist\u00e9mica e integradora, atendiendo al nuevo paradigma de gesti\u00f3n que nos proporcionan las neurociencias. Procesos Coaching Ejecutivo Coaching de Equipos Coaching de L\u00edderes y futuros l\u00edderes Coaching Empresarial Coaching Vocacional Coaching para Emprendedores Outplacement con Coaching Cons\u00faltanos","og_url":"https:\/\/hcc.academy.hcc.com.uy\/coach\/coaching\/","og_site_name":"HCC","article_publisher":"https:\/\/www.facebook.com\/hcc.consulting.global\/","article_modified_time":"2024-02-02T16:04:51+00:00","og_image":[{"width":1776,"height":838,"url":"https:\/\/mldpow0jtrp7.i.optimole.com\/cb:9nt5.2c581\/w:1776\/h:838\/q:mauto\/g:sm\/f:best\/id:79258c7b5a457d90e1920144d47f4c4b\/https:\/\/hcc.academy\/HCC_logos__Logo-Principal-_-transp-1.png","type":"image\/png"}],"twitter_card":"summary_large_image","twitter_misc":{"Est. reading time":"1 minute"},"schema":{"@context":"https:\/\/schema.org","@graph":[{"@type":"WebPage","@id":"https:\/\/hcc.academy.hcc.com.uy\/coach\/coaching\/","url":"https:\/\/hcc.academy.hcc.com.uy\/coach\/coaching\/","name":"Coaching - HCC","isPartOf":{"@id":"https:\/\/hcc.academy.hcc.com.uy\/coach\/#website"},"datePublished":"2024-02-01T16:07:56+00:00","dateModified":"2024-02-02T16:04:51+00:00","inLanguage":"en-US","potentialAction":[{"@type":"ReadAction","target":["https:\/\/hcc.academy.hcc.com.uy\/coach\/coaching\/"]}]},{"@type":"WebSite","@id":"https:\/\/hcc.academy.hcc.com.uy\/coach\/#website","url":"https:\/\/hcc.academy.hcc.com.uy\/coach\/","name":"HCC","description":"Consultor\u00eda en Capital Humano, Gesti\u00f3n Organizacional, Coaching Profesional, Entrenamiento y Capacitaci\u00f3n, Gesti\u00f3n Econ\u00f3mico-Financiera y Gesti\u00f3n Tributaria.","publisher":{"@id":"https:\/\/hcc.academy.hcc.com.uy\/coach\/#organization"},"potentialAction":[{"@type":"SearchAction","target":{"@type":"EntryPoint","urlTemplate":"https:\/\/hcc.academy.hcc.com.uy\/coach\/?s={search_term_string}"},"query-input":{"@type":"PropertyValueSpecification","valueRequired":true,"valueName":"search_term_string"}}],"inLanguage":"en-US"},{"@type":"Organization","@id":"https:\/\/hcc.academy.hcc.com.uy\/coach\/#organization","name":"HCC","url":"https:\/\/hcc.academy.hcc.com.uy\/coach\/","logo":{"@type":"ImageObject","inLanguage":"en-US","@id":"https:\/\/hcc.academy.hcc.com.uy\/coach\/#\/schema\/logo\/image\/","url":"https:\/\/mldpow0jtrp7.i.optimole.com\/cb:9nt5.2c581\/w:auto\/h:auto\/q:mauto\/g:sm\/f:best\/id:44b1b6501f58187633f993bf45799db9\/https:\/\/hcc.academy\/HCC_Academy__Logo-Fondo-2-4.png","contentUrl":"https:\/\/mldpow0jtrp7.i.optimole.com\/cb:9nt5.2c581\/w:auto\/h:auto\/q:mauto\/g:sm\/f:best\/id:44b1b6501f58187633f993bf45799db9\/https:\/\/hcc.academy\/HCC_Academy__Logo-Fondo-2-4.png","width":1080,"height":1080,"caption":"HCC"},"image":{"@id":"https:\/\/hcc.academy.hcc.com.uy\/coach\/#\/schema\/logo\/image\/"},"sameAs":["https:\/\/www.facebook.com\/hcc.consulting.global\/","https:\/\/www.instagram.com\/hcc.global\/","https:\/\/www.linkedin.com\/company\/humancapitalconsulting"]}]}},"_links":{"self":[{"href":"https:\/\/hcc.academy.hcc.com.uy\/coach\/wp-json\/wp\/v2\/pages\/999961028","targetHints":{"allow":["GET"]}}],"collection":[{"href":"https:\/\/hcc.academy.hcc.com.uy\/coach\/wp-json\/wp\/v2\/pages"}],"about":[{"href":"https:\/\/hcc.academy.hcc.com.uy\/coach\/wp-json\/wp\/v2\/types\/page"}],"author":[{"embeddable":true,"href":"https:\/\/hcc.academy.hcc.com.uy\/coach\/wp-json\/wp\/v2\/users\/5"}],"replies":[{"embeddable":true,"href":"https:\/\/hcc.academy.hcc.com.uy\/coach\/wp-json\/wp\/v2\/comments?post=999961028"}],"version-history":[{"count":34,"href":"https:\/\/hcc.academy.hcc.com.uy\/coach\/wp-json\/wp\/v2\/pages\/999961028\/revisions"}],"predecessor-version":[{"id":999961598,"href":"https:\/\/hcc.academy.hcc.com.uy\/coach\/wp-json\/wp\/v2\/pages\/999961028\/revisions\/999961598"}],"wp:attachment":[{"href":"https:\/\/hcc.academy.hcc.com.uy\/coach\/wp-json\/wp\/v2\/media?parent=999961028"}],"curies":[{"name":"wp","href":"https:\/\/api.w.org\/{rel}","templated":true}]}}